{"id":5043,"date":"2020-08-12T15:42:59","date_gmt":"2020-08-12T15:42:59","guid":{"rendered":"http:\/\/turkseunie.be\/official\/tr\/?page_id=5043"},"modified":"2026-05-08T12:56:39","modified_gmt":"2026-05-08T12:56:39","slug":"personel","status":"publish","type":"page","link":"https:\/\/www.turkseunie.be\/official\/birligimiz\/personel\/","title":{"rendered":"Personel"},"content":{"rendered":"\n<h1 class=\"wp-block-heading native\">BTDB b\u00fcnyesinde \u00e7al\u0131\u015fan elemanlar<\/h1>\n\n\n\n<h2 class=\"wp-block-heading native\"><strong>Genel Merkez Beringen<\/strong><\/h2>\n\n\n\n<figure class=\"wp-block-gallery has-nested-images columns-default is-cropped native wp-block-gallery-1 is-layout-flex wp-block-gallery-is-layout-flex\">\n<figure class=\"wp-block-image size-large\"><a href=\"https:\/\/www.turkseunie.be\/official\/wp-content\/uploads\/2020\/08\/140203104349_0_4_143021_o.jpg\"><img loading=\"lazy\" decoding=\"async\" width=\"1024\" height=\"683\" data-id=\"2806\" src=\"https:\/\/www.turkseunie.be\/official\/wp-content\/uploads\/2020\/08\/140203104349_0_4_143021_o.jpg\" alt=\"Fatih \u00c7al\u0131\u015f\u0131r Genel Koordinator\" class=\"wp-image-2806\" srcset=\"https:\/\/www.turkseunie.be\/official\/wp-content\/uploads\/2020\/08\/140203104349_0_4_143021_o.jpg 1024w, https:\/\/www.turkseunie.be\/official\/wp-content\/uploads\/2020\/08\/140203104349_0_4_143021_o-300x200.jpg 300w, https:\/\/www.turkseunie.be\/official\/wp-content\/uploads\/2020\/08\/140203104349_0_4_143021_o-768x512.jpg 768w\" sizes=\"(max-width: 1024px) 100vw, 1024px\" \/><\/a><figcaption class=\"wp-element-caption\">Fatih \u00c7al\u0131\u015f\u0131r <br>Genel Koordinator<\/figcaption><\/figure>\n\n\n\n<figure class=\"wp-block-image size-large\"><a href=\"https:\/\/www.turkseunie.be\/official\/wp-content\/uploads\/2020\/08\/140203104347_0_3_893966_o.jpg\"><img loading=\"lazy\" decoding=\"async\" width=\"1024\" height=\"683\" data-id=\"2805\" src=\"https:\/\/www.turkseunie.be\/official\/wp-content\/uploads\/2020\/08\/140203104347_0_3_893966_o.jpg\" alt=\"G\u00fclser Talanc\u0131o\u011flu E\u011fitici Eleman\" class=\"wp-image-2805\" srcset=\"https:\/\/www.turkseunie.be\/official\/wp-content\/uploads\/2020\/08\/140203104347_0_3_893966_o.jpg 1024w, https:\/\/www.turkseunie.be\/official\/wp-content\/uploads\/2020\/08\/140203104347_0_3_893966_o-300x200.jpg 300w, https:\/\/www.turkseunie.be\/official\/wp-content\/uploads\/2020\/08\/140203104347_0_3_893966_o-768x512.jpg 768w\" sizes=\"(max-width: 1024px) 100vw, 1024px\" \/><\/a><figcaption class=\"wp-element-caption\">G\u00fclser Talanc\u0131o\u011flu <br>E\u011fitici Eleman<\/figcaption><\/figure>\n<figcaption class=\"blocks-gallery-caption wp-element-caption\"><br><br><\/figcaption><\/figure>\n\n\n\n<h2 class=\"wp-block-heading native\"><strong>Gent \u015eubesi<\/strong><\/h2>\n\n\n\n<figure class=\"wp-block-gallery has-nested-images columns-3 is-cropped native wp-block-gallery-2 is-layout-flex wp-block-gallery-is-layout-flex\">\n<figure class=\"wp-block-image size-large\"><a href=\"http:\/\/www.turkseunie.be\/official\/wp-content\/uploads\/2020\/08\/Bos-beyaz-photo.png\"><img loading=\"lazy\" decoding=\"async\" width=\"80\" height=\"60\" data-id=\"5051\" src=\"https:\/\/www.turkseunie.be\/official\/wp-content\/uploads\/2020\/08\/Bos-beyaz-photo.png\" alt=\"\" class=\"wp-image-5051\"\/><\/a><\/figure>\n<figcaption class=\"blocks-gallery-caption wp-element-caption\"><br><br><\/figcaption><\/figure>\n\n\n\n<h2 class=\"wp-block-heading native\"><strong>Br\u00fcksel \u015eubesi<\/strong><\/h2>\n\n\n\n<figure class=\"wp-block-gallery has-nested-images columns-default is-cropped native wp-block-gallery-3 is-layout-flex wp-block-gallery-is-layout-flex\">\n<figure class=\"wp-block-image size-large\"><a href=\"http:\/\/www.turkseunie.be\/official\/wp-content\/uploads\/2020\/08\/Bos-beyaz-photo.png\"><img loading=\"lazy\" decoding=\"async\" width=\"80\" height=\"60\" data-id=\"5051\" src=\"https:\/\/www.turkseunie.be\/official\/wp-content\/uploads\/2020\/08\/Bos-beyaz-photo.png\" alt=\"\" class=\"wp-image-5051\"\/><\/a><\/figure>\n<figcaption class=\"blocks-gallery-caption wp-element-caption\"><br><br><\/figcaption><\/figure>\n\n\n\n<h2 class=\"wp-block-heading native\"><strong>Anvers \u015eubesi<\/strong><\/h2>\n\n\n\n<figure class=\"wp-block-gallery has-nested-images columns-default is-cropped native wp-block-gallery-4 is-layout-flex wp-block-gallery-is-layout-flex\">\n<figure class=\"wp-block-image size-large\"><img loading=\"lazy\" decoding=\"async\" width=\"80\" height=\"60\" data-id=\"5051\" src=\"https:\/\/www.turkseunie.be\/official\/wp-content\/uploads\/2020\/08\/Bos-beyaz-photo.png\" alt=\"\" class=\"wp-image-5051\"\/><\/figure>\n<\/figure>\n","protected":false},"excerpt":{"rendered":"<p>BTDB b\u00fcnyesinde \u00e7al\u0131\u015fan elemanlar Genel Merkez Beringen Gent \u015eubesi Br\u00fcksel \u015eubesi Anvers \u015eubesi<\/p>\n","protected":false},"author":1,"featured_media":0,"parent":4980,"menu_order":0,"comment_status":"closed","ping_status":"closed","template":"","meta":{"footnotes":""},"post-meta-fields":{"_edit_lock":["1778244999:2"],"_edit_last":["2"],"ct_other_template":["0"],"ct_template_archive_post_types_all":[""],"ct_template_categories":["a:0:{}"],"ct_template_categories_all":[""],"ct_template_tags":["a:0:{}"],"ct_template_tags_all":[""],"ct_template_custom_taxonomies":["a:0:{}"],"ct_template_custom_taxonomies_all":[""],"ct_template_authors_archives_all":[""],"ct_template_index":[""],"ct_template_front_page":[""],"ct_template_blog_posts":[""],"ct_template_date_archive":[""],"ct_template_search_page":[""],"ct_template_inner_content":[""],"ct_template_404_page":[""],"ct_template_all_archives":[""],"ct_template_archive_among_taxonomies":["a:0:{}"],"ct_template_apply_if_archive_among_taxonomies":[""],"ct_template_archive_post_types":["a:0:{}"],"ct_template_apply_if_archive_among_cpt":[""],"ct_template_authors_archives":["a:0:{}"],"ct_template_apply_if_archive_among_authors":[""],"ct_template_single_all":[""],"ct_template_post_types":["a:0:{}"],"ct_template_exclude_ids":[""],"ct_template_include_ids":[""],"ct_template_taxonomies":["a:2:{s:5:\"names\";a:0:{}s:6:\"values\";a:0:{}}"],"ct_use_template_taxonomies":[""],"ct_template_post_of_parents":["a:0:{}"],"ct_template_apply_if_post_of_parents":[""],"ct_template_order":["0"],"ct_builder_shortcodes":[""],"_wp_page_template":["default"]},"_links":{"self":[{"href":"https:\/\/www.turkseunie.be\/official\/wp-json\/wp\/v2\/pages\/5043"}],"collection":[{"href":"https:\/\/www.turkseunie.be\/official\/wp-json\/wp\/v2\/pages"}],"about":[{"href":"https:\/\/www.turkseunie.be\/official\/wp-json\/wp\/v2\/types\/page"}],"author":[{"embeddable":true,"href":"https:\/\/www.turkseunie.be\/official\/wp-json\/wp\/v2\/users\/1"}],"replies":[{"embeddable":true,"href":"https:\/\/www.turkseunie.be\/official\/wp-json\/wp\/v2\/comments?post=5043"}],"version-history":[{"count":15,"href":"https:\/\/www.turkseunie.be\/official\/wp-json\/wp\/v2\/pages\/5043\/revisions"}],"predecessor-version":[{"id":10327,"href":"https:\/\/www.turkseunie.be\/official\/wp-json\/wp\/v2\/pages\/5043\/revisions\/10327"}],"up":[{"embeddable":true,"href":"https:\/\/www.turkseunie.be\/official\/wp-json\/wp\/v2\/pages\/4980"}],"wp:attachment":[{"href":"https:\/\/www.turkseunie.be\/official\/wp-json\/wp\/v2\/media?parent=5043"}],"curies":[{"name":"wp","href":"https:\/\/api.w.org\/{rel}","templated":true}]}}