{"id":4932,"date":"2020-08-11T17:27:40","date_gmt":"2020-08-11T17:27:40","guid":{"rendered":"http:\/\/turkseunie.be\/official\/nl\/?page_id=4932"},"modified":"2020-08-11T18:52:14","modified_gmt":"2020-08-11T18:52:14","slug":"kurulusu","status":"publish","type":"page","link":"https:\/\/www.turkseunie.be\/official\/birligimiz\/kurulusu\/","title":{"rendered":"Bel\u00e7ika T\u00fcrk Dernekleri Birli\u011fi &#8211; Kurulu\u015fu"},"content":{"rendered":"\n<h1 class=\"wpnative wp-block-heading\">Bel\u00e7ika T\u00fcrk Dernekleri Birli\u011fi &#8211; Kurulu\u015fu<\/h1>\n\n\n\n<p class=\"wpnative\"><strong>Bel\u00e7ika T\u00fcrk Dernekleri Birli\u011fi<\/strong>\u00a0bir ihtiyac\u0131n neticesinde ortaya \u00e7\u0131km\u0131\u015ft\u0131r.\u00a0 Avrupa&#8217;daki insanlar\u0131m\u0131z; art\u0131k burada kal\u0131c\u0131 olmu\u015flard\u0131r. Buran\u0131n \u015fartlar\u0131na g\u00f6re yeniden te\u015fkilatlanmalar\u0131 gerekmektedir. Ufak tefek fikri ayr\u0131l\u0131klar\u0131 bir kenara b\u0131rakarak, \u00f6nemli ortak paydalarda birle\u015fip g\u00fc\u00e7birli\u011fi yapmak mecburiyetindedir. \u0130\u015fte bu birlik ve beraberli\u011fi sa\u011flamak i\u00e7in ortaya \u00e7\u0131kan BTDB k\u0131sa zamanda \u00f6nemli bir mesafe katedip, toplumumuzun her kesiminin ilgisine mazhar olmu\u015f, \u00f6nemli bir \u00f6l\u00e7\u00fcde onlar\u0131n ayn\u0131 \u00e7at\u0131 alt\u0131nda bir araya gelmesini sa\u011flam\u0131\u015ft\u0131r.\u00a0<br>\u00a0\u00a0<br>Toplumumuzdan alm\u0131\u015f oldu\u011fu bu g\u00fc\u00e7le Bel\u00e7ika&#8217;n\u0131n \u00e7e\u015fitli bakanl\u0131klar\u0131nca kabul g\u00f6r\u00fcp, e\u011fitim, k\u00fclt\u00fcr, i\u015fsizlik, ya\u015flanma, kad\u0131n ve gen\u00e7lik gibi \u00f6nemli problemlerimiz \u00fczerinde\u00a0 ilgili bakanl\u0131klarla\u00a0 birlikte ortakla\u015fa projeler ve \u00e7al\u0131\u015fmalar ba\u015flatm\u0131\u015ft\u0131r.\u00a0<br>\u00a0\u00a0<br>BTDB Gen\u00e7lerimizi; \u00fcniversiteye, halk\u0131m\u0131z\u0131; i\u00e7erisinde ya\u015fad\u0131\u011f\u0131 toplumla e\u015fit haklara sahip olmaya, e\u011fitimini tamamlayan gen\u00e7lerimizi; yabanc\u0131lara y\u00f6nelik \u00e7al\u0131\u015fma yapan kurumlarda ve buran\u0131n siyasetinde aktif olmaya te\u015fvik edici olmu\u015ftur.\u00a0<br>\u00a0\u00a0<br><strong>BTDB: T\u00fcrkiye&#8217;de ya\u011fmur ya\u011fd\u0131\u011f\u0131nda burada \u015femsiye a\u00e7an de\u011fil, T\u00fcrkiye&#8217;de bir yang\u0131n varsa onun s\u00f6nd\u00fcr\u00fclmesi i\u00e7in var g\u00fcc\u00fcyle gayret g\u00f6steren kurulu\u015f olmay\u0131 kendine prensip edinmi\u015ftir.<\/strong>\u00a0Bunun en g\u00fczel \u00f6rne\u011fini 1999 y\u0131l\u0131ndaki deprem s\u0131ras\u0131nda yapm\u0131\u015f oldu\u011fu malzeme yard\u0131m\u0131 ve D\u00fczce&#8217;de kurmu\u015f oldu\u011fu 100 hanelik prefabrik<strong>Bel\u00e7ika K\u00f6y\u00fc\u00a0<\/strong>ile ortaya koymu\u015ftur.\u00a0<br>\u00a0\u00a0<br>BTDB, bir ekip anlay\u0131\u015f\u0131 i\u00e7erisinde \u00e7al\u0131\u015fmaktad\u0131r. Kili\u015fele\u015fmi\u015f federasyonculuk anlay\u0131\u015f\u0131ndan farkl\u0131 olarak bir \u00e7ok \u00fcst\u00fcn \u00e7al\u0131\u015fmalar\u0131 sergilemi\u015ftir. Her sahada, her g\u00fczel \u00e7al\u0131\u015fmada yer almay\u0131 kendisine d\u00fcstur edinmi\u015ftir. Bunun en g\u00fczel \u00f6rneklerini ge\u00e7irdi\u011fi 17 y\u0131l i\u00e7erisinde g\u00f6stermi\u015ftir.\u00a0<br>\u00a0\u00a0<br>Bel\u00e7ika&#8217;da yabanc\u0131lara y\u00f6nelik m\u00fcsbet \u00e7al\u0131\u015fmalarda bulunan kurum, kurulu\u015f ve \u015fah\u0131slara entegrasyon ve dostluk \u00f6d\u00fclleri verilmesini sa\u011flay\u0131p, iki toplum aras\u0131ndaki dostlu\u011fun peki\u015fmesine gereken azami gayreti g\u00f6stermi\u015ftir.\u00a0<br>\u00a0\u00a0<br>T\u00fcrkiye&#8217;nin ve T\u00fcrk K\u00fclt\u00fcr\u00fc&#8217;n\u00fcn\u00a0 tan\u0131t\u0131lmas\u0131na b\u00fcy\u00fck \u00f6nem vermi\u015f olup, T\u00fcrk Haftas\u0131 Kutlamalar\u0131 ihdas edip, Bel\u00e7ika \u00e7ap\u0131nda \u00e7e\u015fitli etkinlikler ortaya koymu\u015ftur. Bunun her iki y\u0131lda bir yap\u0131lmas\u0131n\u0131 da gelenek haline getirmi\u015ftir. \u0130kincisinin;\u00a0 T\u00fcrk Haftas\u0131 &#8211; 40.Y\u0131l Etkinlikleri olarak kutlanmas\u0131n\u0131 sa\u011flay\u0131p, bu etkinliklerde ba\u015f\u0131 \u00e7ekerek toplumun genelinin kat\u0131l\u0131m\u0131yla kutlanmas\u0131n\u0131 sa\u011flam\u0131\u015ft\u0131r.\u00a0<br>\u00a0\u00a0<br>\u0130mkanlar\u0131 \u00f6l\u00e7\u00fcs\u00fcnde dar gelirli gen\u00e7lere\u00a0 burs verilmesi, \u00e7e\u015fitli okullara malzeme yard\u0131m\u0131nda bulunulmas\u0131 gibi yard\u0131mlar da ger\u00e7ekle\u015ftirilmi\u015ftir.\u00a0 Muhtelif zamanlarda \u00e7e\u015fitli gen\u00e7lik projelerinden faydalan\u0131larak T\u00fcrkiyeden e\u011fitim \u00e7a\u011f\u0131ndaki gen\u00e7ler getirtilip buradaki gen\u00e7lerle tan\u0131\u015fmalar\u0131, kayna\u015fmalar\u0131 ve Bel\u00e7ika&#8217;y\u0131 g\u00f6rmeleri sa\u011flanm\u0131\u015ft\u0131r. T\u00fcrkiye d\u0131\u015f\u0131ndaki T\u00fcrk varl\u0131\u011f\u0131n\u0131n bulundu\u011fu yerlerlele irtibatlar kurup oralara maddi ve manevi katk\u0131larda bulunulmu\u015ftur.\u00a0<br>\u00a0\u00a0<br>Milli ve manevi meselelere daima sahip \u00e7\u0131k\u0131lm\u0131\u015ft\u0131r. Gerekti\u011finde, gerekti\u011fi \u015fekliyle tepkiler ortaya koymu\u015ftur.\u00a0\u00a0<br>\u00a0\u00a0<br>BTDB bakanl\u0131klar, valilikler ve belediyelerde olu\u015fturulmu\u015f yabanc\u0131lara y\u00f6nelik \u00e7al\u0131\u015fmalar yapan kurullar i\u00e7erisinde yer almakta ve T\u00fcrk toplumunu temsilen kat\u0131lmaktad\u0131r. Bir\u00e7ok kurulda tek T\u00fcrk temsilcisidir.<\/p>\n","protected":false},"excerpt":{"rendered":"<p>Bel\u00e7ika T\u00fcrk Dernekleri Birli\u011fi &#8211; Kurulu\u015fu Bel\u00e7ika T\u00fcrk Dernekleri Birli\u011fi\u00a0bir ihtiyac\u0131n neticesinde ortaya \u00e7\u0131km\u0131\u015ft\u0131r.\u00a0 Avrupa&#8217;daki insanlar\u0131m\u0131z; art\u0131k burada kal\u0131c\u0131 olmu\u015flard\u0131r. Buran\u0131n \u015fartlar\u0131na g\u00f6re yeniden te\u015fkilatlanmalar\u0131 gerekmektedir. Ufak tefek fikri ayr\u0131l\u0131klar\u0131 bir kenara b\u0131rakarak, \u00f6nemli ortak paydalarda birle\u015fip g\u00fc\u00e7birli\u011fi yapmak mecburiyetindedir. \u0130\u015fte bu birlik ve beraberli\u011fi sa\u011flamak i\u00e7in ortaya \u00e7\u0131kan BTDB k\u0131sa zamanda \u00f6nemli bir mesafe [&hellip;]<\/p>\n","protected":false},"author":1,"featured_media":0,"parent":4980,"menu_order":0,"comment_status":"closed","ping_status":"closed","template":"","meta":{"footnotes":""},"post-meta-fields":{"_edit_lock":["1778244638:2"],"_edit_last":["1"],"ct_other_template":["0"],"ct_template_archive_post_types_all":[""],"ct_template_categories":["a:0:{}"],"ct_template_categories_all":[""],"ct_template_tags":["a:0:{}"],"ct_template_tags_all":[""],"ct_template_custom_taxonomies":["a:0:{}"],"ct_template_custom_taxonomies_all":[""],"ct_template_authors_archives_all":[""],"ct_template_index":[""],"ct_template_front_page":[""],"ct_template_blog_posts":[""],"ct_template_date_archive":[""],"ct_template_search_page":[""],"ct_template_inner_content":[""],"ct_template_404_page":[""],"ct_template_all_archives":[""],"ct_template_archive_among_taxonomies":["a:0:{}"],"ct_template_apply_if_archive_among_taxonomies":[""],"ct_template_archive_post_types":["a:0:{}"],"ct_template_apply_if_archive_among_cpt":[""],"ct_template_authors_archives":["a:0:{}"],"ct_template_apply_if_archive_among_authors":[""],"ct_template_single_all":[""],"ct_template_post_types":["a:0:{}"],"ct_template_exclude_ids":[""],"ct_template_include_ids":[""],"ct_template_taxonomies":["a:2:{s:5:\"names\";a:0:{}s:6:\"values\";a:0:{}}"],"ct_use_template_taxonomies":[""],"ct_template_post_of_parents":["a:0:{}"],"ct_template_apply_if_post_of_parents":[""],"ct_template_order":["0"],"ct_builder_shortcodes":[""],"_wp_page_template":["default"]},"_links":{"self":[{"href":"https:\/\/www.turkseunie.be\/official\/wp-json\/wp\/v2\/pages\/4932"}],"collection":[{"href":"https:\/\/www.turkseunie.be\/official\/wp-json\/wp\/v2\/pages"}],"about":[{"href":"https:\/\/www.turkseunie.be\/official\/wp-json\/wp\/v2\/types\/page"}],"author":[{"embeddable":true,"href":"https:\/\/www.turkseunie.be\/official\/wp-json\/wp\/v2\/users\/1"}],"replies":[{"embeddable":true,"href":"https:\/\/www.turkseunie.be\/official\/wp-json\/wp\/v2\/comments?post=4932"}],"version-history":[{"count":15,"href":"https:\/\/www.turkseunie.be\/official\/wp-json\/wp\/v2\/pages\/4932\/revisions"}],"predecessor-version":[{"id":5006,"href":"https:\/\/www.turkseunie.be\/official\/wp-json\/wp\/v2\/pages\/4932\/revisions\/5006"}],"up":[{"embeddable":true,"href":"https:\/\/www.turkseunie.be\/official\/wp-json\/wp\/v2\/pages\/4980"}],"wp:attachment":[{"href":"https:\/\/www.turkseunie.be\/official\/wp-json\/wp\/v2\/media?parent=4932"}],"curies":[{"name":"wp","href":"https:\/\/api.w.org\/{rel}","templated":true}]}}